{"id":8682,"date":"2022-08-28T20:45:21","date_gmt":"2022-08-28T17:45:21","guid":{"rendered":"http:\/\/kahramanmarassulamabirligi.gov.tr\/?page_id=8682"},"modified":"2022-10-25T13:10:35","modified_gmt":"2022-10-25T10:10:35","slug":"baskanin-mesaji","status":"publish","type":"page","link":"http:\/\/kahramanmarassulamabirligi.gov.tr\/index.php\/baskanin-mesaji\/","title":{"rendered":"Ba\u015fkan\u0131n Mesaj\u0131"},"content":{"rendered":"\t\t<div data-elementor-type=\"wp-page\" data-elementor-id=\"8682\" class=\"elementor elementor-8682\">\n\t\t\t\t\t\t\t\t\t<section class=\"wd-negative-gap elementor-section elementor-top-section elementor-element elementor-element-6f08284a elementor-section-boxed elementor-section-height-default elementor-section-height-default wd-section-disabled\" data-id=\"6f08284a\" data-element_type=\"section\">\n\t\t\t\t\t\t<div class=\"elementor-container elementor-column-gap-default\">\n\t\t\t\t\t<div class=\"elementor-column elementor-col-100 elementor-top-column elementor-element elementor-element-315eb490\" data-id=\"315eb490\" data-element_type=\"column\">\n\t\t\t<div class=\"elementor-widget-wrap elementor-element-populated\">\n\t\t\t\t\t\t\t\t<div class=\"elementor-element elementor-element-7d17a5c elementor-widget elementor-widget-image\" data-id=\"7d17a5c\" data-element_type=\"widget\" data-widget_type=\"image.default\">\n\t\t\t\t<div class=\"elementor-widget-container\">\n\t\t\t<style>\/*! elementor - v3.9.0 - 06-12-2022 *\/\n.elementor-widget-image{text-align:center}.elementor-widget-image a{display:inline-block}.elementor-widget-image a img[src$=\".svg\"]{width:48px}.elementor-widget-image img{vertical-align:middle;display:inline-block}<\/style>\t\t\t\t\t\t\t\t\t\t\t\t<img loading=\"lazy\" decoding=\"async\" width=\"1198\" height=\"800\" src=\"http:\/\/kahramanmarassulamabirligi.gov.tr\/wp-content\/themes\/woodmart\/images\/lazy.png\" class=\"attachment-large size-large wp-image-9687 wd-lazy-load woodmart-lazy-load wd-lazy-fade\" alt=\"\" srcset=\"\" sizes=\"auto, (max-width: 1198px) 100vw, 1198px\" data-wood-src=\"http:\/\/kahramanmarassulamabirligi.gov.tr\/wp-content\/uploads\/2022\/10\/sulama-birligi-1198x800.jpg\" data-srcset=\"http:\/\/kahramanmarassulamabirligi.gov.tr\/wp-content\/uploads\/2022\/10\/sulama-birligi-1198x800.jpg 1198w, http:\/\/kahramanmarassulamabirligi.gov.tr\/wp-content\/uploads\/2022\/10\/sulama-birligi-400x267.jpg 400w, http:\/\/kahramanmarassulamabirligi.gov.tr\/wp-content\/uploads\/2022\/10\/sulama-birligi-768x513.jpg 768w, http:\/\/kahramanmarassulamabirligi.gov.tr\/wp-content\/uploads\/2022\/10\/sulama-birligi-1536x1026.jpg 1536w, http:\/\/kahramanmarassulamabirligi.gov.tr\/wp-content\/uploads\/2022\/10\/sulama-birligi-2048x1368.jpg 2048w, http:\/\/kahramanmarassulamabirligi.gov.tr\/wp-content\/uploads\/2022\/10\/sulama-birligi-1320x881.jpg 1320w\" \/>\t\t\t\t\t\t\t\t\t\t\t\t\t\t\t<\/div>\n\t\t\t\t<\/div>\n\t\t\t\t<div class=\"elementor-element elementor-element-4e71eec elementor-widget elementor-widget-heading\" data-id=\"4e71eec\" data-element_type=\"widget\" data-widget_type=\"heading.default\">\n\t\t\t\t<div class=\"elementor-widget-container\">\n\t\t\t<style>\/*! elementor - v3.9.0 - 06-12-2022 *\/\n.elementor-heading-title{padding:0;margin:0;line-height:1}.elementor-widget-heading .elementor-heading-title[class*=elementor-size-]>a{color:inherit;font-size:inherit;line-height:inherit}.elementor-widget-heading .elementor-heading-title.elementor-size-small{font-size:15px}.elementor-widget-heading .elementor-heading-title.elementor-size-medium{font-size:19px}.elementor-widget-heading .elementor-heading-title.elementor-size-large{font-size:29px}.elementor-widget-heading .elementor-heading-title.elementor-size-xl{font-size:39px}.elementor-widget-heading .elementor-heading-title.elementor-size-xxl{font-size:59px}<\/style><h2 class=\"elementor-heading-title elementor-size-default\">\nBa\u015fkan\u0131m\u0131z\u0131n Mesaj\u0131<\/h2>\t\t<\/div>\n\t\t\t\t<\/div>\n\t\t\t\t<div class=\"elementor-element elementor-element-c98a181 color-scheme-inherit text-left elementor-widget elementor-widget-text-editor\" data-id=\"c98a181\" data-element_type=\"widget\" data-widget_type=\"text-editor.default\">\n\t\t\t\t<div class=\"elementor-widget-container\">\n\t\t\t<style>\/*! elementor - v3.9.0 - 06-12-2022 *\/\n.elementor-widget-text-editor.elementor-drop-cap-view-stacked .elementor-drop-cap{background-color:#818a91;color:#fff}.elementor-widget-text-editor.elementor-drop-cap-view-framed .elementor-drop-cap{color:#818a91;border:3px solid;background-color:transparent}.elementor-widget-text-editor:not(.elementor-drop-cap-view-default) .elementor-drop-cap{margin-top:8px}.elementor-widget-text-editor:not(.elementor-drop-cap-view-default) .elementor-drop-cap-letter{width:1em;height:1em}.elementor-widget-text-editor .elementor-drop-cap{float:left;text-align:center;line-height:1;font-size:50px}.elementor-widget-text-editor .elementor-drop-cap-letter{display:inline-block}<\/style>\t\t\t\t<p>\u0130nsanlar\u0131n en hay\u0131rl\u0131s\u0131, insanlara en fazla hizmet edendir\u201d d\u00fcsturu ile hizmet etmek i\u00e7in devrald\u0131\u011f\u0131m\u0131z Kahramanmara\u015f Sulama Birli\u011fimizi en k\u0131sa zamanda hak etti\u011fi noktaya \u00e7\u0131karmak \u00f6ncelikli hedefimizdir.Biz bahane \u00fcretmeyece\u011fiz \u00e7\u00fcnk\u00fc biz biliyoruz ki sorunun \u00e7\u00f6z\u00fcm\u00fcnde yer almayan o sorunun bir par\u00e7as\u0131d\u0131r. Kahramanmara\u015f Sulama Birli\u011fi geli\u015fim seviyesini ve halk\u0131n\u0131n ya\u015fam kalitesini s\u00fcrekli art\u0131rmak maksad\u0131yla etkinliklerde ve faaliyetlerde bulunmak misyonumuz, Kahramanmara\u015f Sulama Birli\u011fi \u00f6nc\u00fc ve \u00f6rnek olmas\u0131na katk\u0131 sa\u011flamak vizyonumuzdur. Belediyeler art\u0131k yaln\u0131zca su, ruhsat d\u00fczenlemek v.b. hizmetlerle s\u0131n\u0131rl\u0131, klasik y\u00f6netimcilik s\u00fcrd\u00fcremez. Gelinen nokta; Birlilklere, y\u00f6relerimizin sosyal ve ekonomik a\u00e7\u0131dan kalk\u0131nabilmesi, halk\u0131n refah d\u00fczeyinin art\u0131r\u0131lmas\u0131, istihdam alanlar\u0131 sunulmas\u0131 gibi en temel sorunlara da \u00e7\u00f6z\u00fcmler arama ve bulma g\u00f6revini vermektedir. Halk\u0131m\u0131z\u0131n ya\u015fam kalitesinin y\u00fckseltilmesi ile do\u011frudan ili\u015fkili olan bu yeni g\u00f6revler, yeni bir hizmet anlay\u0131\u015f\u0131n\u0131 da zorunlu k\u0131lmaktad\u0131r. Halk\u0131m\u0131z\u0131 modern, \u00e7a\u011fda\u015f ve standartlar\u0131 y\u00fcksek bir hizmetle ya\u015fatmak i\u00e7in \u00e7al\u0131\u015fmalar\u0131m\u0131z devam edecektir. Hem\u015ferilerimizin, bizlere deste\u011fi devam ettik\u00e7e, g\u00fczel Kahramanmara\u015f Sulama Birli\u011fimizi hep birlikte, ekonomik, sosyal ve k\u00fclt\u00fcrel y\u00f6nden geli\u015fmi\u015f bir il\u00e7e haline getirece\u011fiz.Kendimize g\u00f6rev sayd\u0131\u011f\u0131m\u0131z ilkelerimizden bir tanesi de; il\u00e7emizin ge\u00e7mi\u015fi ile gelece\u011fi aras\u0131ndaki kopuklu\u011fu gidermek, vatanda\u015flar\u0131m\u0131za ya\u015fad\u0131klar\u0131 \u00e7evreyi daha iyi tan\u0131malar\u0131n\u0131, bilin\u00e7li kullanmalar\u0131n\u0131 sa\u011flamakt\u0131r. \u00c7\u00fcnk\u00fc ge\u00e7mi\u015fi iyi bilmeden, gelece\u011fe y\u00f6nelik do\u011fru ad\u0131mlar at\u0131lmayaca\u011f\u0131n\u0131n bilincindeyiz. Kahramanmara\u015f Sulama Birli\u011fimizi lay\u0131k oldu\u011fu g\u00fczellik ve refah d\u00fczeyine y\u00fckseltme \u00e7abam\u0131zda bizleri yaln\u0131z b\u0131rakmayan, katk\u0131 ve deste\u011fini esirgemeyen t\u00fcm Kahramanmara\u015f Sulama Birli\u011fi halk\u0131n\u0131 b\u00fct\u00fcn \u00e7al\u0131\u015fmalar\u0131m\u0131zda yan\u0131m\u0131zda g\u00f6rece\u011fimizi biliyoruz. Birli\u011fimizin \u00e7al\u0131\u015fmalar\u0131na katk\u0131 ve deste\u011fini esirgemeyen herkese te\u015fekk\u00fcr ederim.<br \/><br \/>Sayg\u0131lar\u0131mla.<br \/><br \/>Erol GEY\u0130K<br \/>Kahramanmara\u015f Sulama Birli\u011fi Ba\u015fkan\u0131<\/p>\t\t\t\t\t\t<\/div>\n\t\t\t\t<\/div>\n\t\t\t\t\t<\/div>\n\t\t<\/div>\n\t\t\t\t\t\t\t<\/div>\n\t\t<\/section>\n\t\t\t\t\t\t\t<\/div>\n\t\t","protected":false},"excerpt":{"rendered":"<p>Ba\u015fkan\u0131m\u0131z\u0131n Mesaj\u0131 \u0130nsanlar\u0131n en hay\u0131rl\u0131s\u0131, insanlara en fazla hizmet edendir\u201d d\u00fcsturu ile hizmet etmek i\u00e7in devrald\u0131\u011f\u0131m\u0131z Kahramanmara\u015f Sulama Birli\u011fimizi en<\/p>\n","protected":false},"author":1,"featured_media":8566,"parent":0,"menu_order":0,"comment_status":"closed","ping_status":"closed","template":"","meta":{"footnotes":""},"class_list":["post-8682","page","type-page","status-publish","has-post-thumbnail","hentry"],"_links":{"self":[{"href":"http:\/\/kahramanmarassulamabirligi.gov.tr\/index.php\/wp-json\/wp\/v2\/pages\/8682","targetHints":{"allow":["GET"]}}],"collection":[{"href":"http:\/\/kahramanmarassulamabirligi.gov.tr\/index.php\/wp-json\/wp\/v2\/pages"}],"about":[{"href":"http:\/\/kahramanmarassulamabirligi.gov.tr\/index.php\/wp-json\/wp\/v2\/types\/page"}],"author":[{"embeddable":true,"href":"http:\/\/kahramanmarassulamabirligi.gov.tr\/index.php\/wp-json\/wp\/v2\/users\/1"}],"replies":[{"embeddable":true,"href":"http:\/\/kahramanmarassulamabirligi.gov.tr\/index.php\/wp-json\/wp\/v2\/comments?post=8682"}],"version-history":[{"count":8,"href":"http:\/\/kahramanmarassulamabirligi.gov.tr\/index.php\/wp-json\/wp\/v2\/pages\/8682\/revisions"}],"predecessor-version":[{"id":9704,"href":"http:\/\/kahramanmarassulamabirligi.gov.tr\/index.php\/wp-json\/wp\/v2\/pages\/8682\/revisions\/9704"}],"wp:featuredmedia":[{"embeddable":true,"href":"http:\/\/kahramanmarassulamabirligi.gov.tr\/index.php\/wp-json\/wp\/v2\/media\/8566"}],"wp:attachment":[{"href":"http:\/\/kahramanmarassulamabirligi.gov.tr\/index.php\/wp-json\/wp\/v2\/media?parent=8682"}],"curies":[{"name":"wp","href":"https:\/\/api.w.org\/{rel}","templated":true}]}}