{"id":8515,"date":"2022-08-25T15:14:24","date_gmt":"2022-08-25T12:14:24","guid":{"rendered":"http:\/\/kahramanmarassulamabirligi.gov.tr\/?page_id=8515"},"modified":"2022-09-16T11:43:46","modified_gmt":"2022-09-16T08:43:46","slug":"tarim-danismanlarimiz","status":"publish","type":"page","link":"http:\/\/kahramanmarassulamabirligi.gov.tr\/index.php\/tarim-danismanlarimiz\/","title":{"rendered":"Tar\u0131m Dan\u0131\u015fmanlar\u0131m\u0131z"},"content":{"rendered":"\t\t<div data-elementor-type=\"wp-page\" data-elementor-id=\"8515\" class=\"elementor elementor-8515\">\n\t\t\t\t\t\t\t\t\t<section class=\"wd-negative-gap elementor-section elementor-top-section elementor-element elementor-element-eebe07a elementor-section-boxed elementor-section-height-default elementor-section-height-default wd-section-disabled\" data-id=\"eebe07a\" data-element_type=\"section\">\n\t\t\t\t\t\t<div class=\"elementor-container elementor-column-gap-default\">\n\t\t\t\t\t<div class=\"elementor-column elementor-col-100 elementor-top-column elementor-element elementor-element-18561ed\" data-id=\"18561ed\" data-element_type=\"column\">\n\t\t\t<div class=\"elementor-widget-wrap elementor-element-populated\">\n\t\t\t\t\t\t\t\t<div class=\"elementor-element elementor-element-1d498e3 elementor-widget elementor-widget-heading\" data-id=\"1d498e3\" data-element_type=\"widget\" data-widget_type=\"heading.default\">\n\t\t\t\t<div class=\"elementor-widget-container\">\n\t\t\t<style>\/*! elementor - v3.9.0 - 06-12-2022 *\/\n.elementor-heading-title{padding:0;margin:0;line-height:1}.elementor-widget-heading .elementor-heading-title[class*=elementor-size-]>a{color:inherit;font-size:inherit;line-height:inherit}.elementor-widget-heading .elementor-heading-title.elementor-size-small{font-size:15px}.elementor-widget-heading .elementor-heading-title.elementor-size-medium{font-size:19px}.elementor-widget-heading .elementor-heading-title.elementor-size-large{font-size:29px}.elementor-widget-heading .elementor-heading-title.elementor-size-xl{font-size:39px}.elementor-widget-heading .elementor-heading-title.elementor-size-xxl{font-size:59px}<\/style><h3 class=\"elementor-heading-title elementor-size-default\">Tar\u0131m Dan\u0131\u015fmanlar\u0131m\u0131z<\/h3>\t\t<\/div>\n\t\t\t\t<\/div>\n\t\t\t\t<div class=\"elementor-element elementor-element-34a396d elementor-widget elementor-widget-wd_team_member\" data-id=\"34a396d\" data-element_type=\"widget\" data-widget_type=\"wd_team_member.default\">\n\t\t\t\t<div class=\"elementor-widget-container\">\n\t\t\t\t\t\t<link rel=\"stylesheet\" id=\"wd-social-icons-css\" href=\"http:\/\/kahramanmarassulamabirligi.gov.tr\/wp-content\/themes\/woodmart\/css\/parts\/el-social-icons.min.css?ver=6.5.4\" type=\"text\/css\" media=\"all\" \/> \t\t\t\t\t\t<link rel=\"stylesheet\" id=\"wd-team-member-css\" href=\"http:\/\/kahramanmarassulamabirligi.gov.tr\/wp-content\/themes\/woodmart\/css\/parts\/el-team-member.min.css?ver=6.5.4\" type=\"text\/css\" media=\"all\" \/> \t\t\t\t\t<div class=\"team-member member-layout-default text-center\">\n\t\t\t\t\t\t\t<div class=\"member-image-wrapper\">\n\t\t\t\t\t<div class=\"member-image\">\n\t\t\t\t\t\t<img loading=\"lazy\" decoding=\"async\" width=\"32\" height=\"32\" src=\"http:\/\/kahramanmarassulamabirligi.gov.tr\/wp-content\/themes\/woodmart\/images\/lazy.png\" class=\"attachment-thumbnail size-thumbnail wp-image-8928 wd-lazy-load woodmart-lazy-load wd-lazy-fade\" alt=\"\" data-wood-src=\"http:\/\/kahramanmarassulamabirligi.gov.tr\/wp-content\/uploads\/2022\/09\/icons8-person-female-32.png\" srcset=\"\" \/>\t\t\t\t\t<\/div>\n\t\t\t\t<\/div>\n\t\t\t\n\t\t\t<div class=\"member-details\">\n\t\t\t\t\t\t\t\t\t<h4 class=\"member-name\">\n\t\t\t\t\t\tSong\u00fcl K\u0131l\u0131n\u00e7\t\t\t\t\t<\/h4>\n\t\t\t\t\n\t\t\t\t\t\t\t\t\t<span class=\"member-position\">\n\t\t\t\t\t\tZiraat M\u00fchendisi &amp; Uzman Tar\u0131m Dan\u0131\u015fman\u0131\t\t\t\t\t<\/span>\n\t\t\t\t\n\t\t\t\t\t\t\t\t\t<div class=\"member-bio\">\n\t\t\t\t\t\t<p>Kahramanmara\u015f Sulama Birli\u011finde Uzman\u00a0 Tar\u0131m Dan\u0131\u015fman\u0131 olarak g\u00f6rev almakta ve imza att\u0131\u011f\u0131 ba\u015far\u0131l\u0131 projeler ile b\u00f6lgede ad\u0131ndan s\u0131k\u00e7a bahsedilmektedir.<\/p>\t\t\t\t\t<\/div>\n\t\t\t\t\n\t\t\t\t\t\t\t\t\t<div class=\"member-social\">\n\t\t\t\t\t\t<div class=\"wd-social-icons  woodmart-social-icons icons-design-bordered icons-size-small social-form-circle\">\n\t\t\t\t\t\t\t\t\t\t\t\t\t\t\t<a rel=\"noopener noreferrer nofollow\" class=\"wd-social-icon social-facebook\" href=\"#\">\n\t\t\t\t\t\t\t\t\t<span class=\"wd-icon\"><\/span>\n\t\t\t\t\t\t\t\t<\/a>\n\t\t\t\t\t\t\t\t\t\t\t\t\t\t\n\t\t\t\t\t\t\t\t\t\t\t\t\t\t\n\t\t\t\t\t\t\t\t\t\t\t\t\t\t\n\t\t\t\t\t\t\t\t\t\t\t\t\t\t\n\t\t\t\t\t\t\t\t\t\t\t\t\t\t\t<a rel=\"noopener noreferrer nofollow\" class=\"wd-social-icon social-instagram\" href=\"#\">\n\t\t\t\t\t\t\t\t\t<span class=\"wd-icon\"><\/span>\n\t\t\t\t\t\t\t\t<\/a>\n\t\t\t\t\t\t\t\t\t\t\t\t\t<\/div>\n\t\t\t\t\t<\/div>\n\t\t\t\t\t\t\t<\/div>\n\t\t<\/div>\n\t\t\t\t<\/div>\n\t\t\t\t<\/div>\n\t\t\t\t<div class=\"elementor-element elementor-element-1572936 elementor-widget elementor-widget-wd_team_member\" data-id=\"1572936\" data-element_type=\"widget\" data-widget_type=\"wd_team_member.default\">\n\t\t\t\t<div class=\"elementor-widget-container\">\n\t\t\t\t\t<div class=\"team-member member-layout-default text-center\">\n\t\t\t\t\t\t\t<div class=\"member-image-wrapper\">\n\t\t\t\t\t<div class=\"member-image\">\n\t\t\t\t\t\t<img loading=\"lazy\" decoding=\"async\" width=\"32\" height=\"32\" src=\"http:\/\/kahramanmarassulamabirligi.gov.tr\/wp-content\/themes\/woodmart\/images\/lazy.png\" class=\"attachment-thumbnail size-thumbnail wp-image-8928 wd-lazy-load woodmart-lazy-load wd-lazy-fade\" alt=\"\" data-wood-src=\"http:\/\/kahramanmarassulamabirligi.gov.tr\/wp-content\/uploads\/2022\/09\/icons8-person-female-32.png\" srcset=\"\" \/>\t\t\t\t\t<\/div>\n\t\t\t\t<\/div>\n\t\t\t\n\t\t\t<div class=\"member-details\">\n\t\t\t\t\t\t\t\t\t<h4 class=\"member-name\">\n\t\t\t\t\t\tFatmag\u00fcl Oluro\u011fullar\u0131\t\t\t\t\t<\/h4>\n\t\t\t\t\n\t\t\t\t\t\t\t\t\t<span class=\"member-position\">\n\t\t\t\t\t\tY\u00fcksek Ziraat M\u00fchendisi &amp; Tar\u0131m Dan\u0131\u015fman\u0131\t\t\t\t\t<\/span>\n\t\t\t\t\n\t\t\t\t\t\t\t\t\t<div class=\"member-bio\">\n\t\t\t\t\t\t<p>Kahramanmara\u015f Sulama Birli\u011finde Tar\u0131m Dan\u0131\u015fman\u0131 olarak g\u00f6rev almakta ve imza att\u0131\u011f\u0131 ba\u015far\u0131l\u0131 projeler ile b\u00f6lgede ad\u0131ndan s\u0131k\u00e7a bahsedilmektedir.<\/p>\t\t\t\t\t<\/div>\n\t\t\t\t\n\t\t\t\t\t\t\t\t\t<div class=\"member-social\">\n\t\t\t\t\t\t<div class=\"wd-social-icons  woodmart-social-icons icons-design-bordered icons-size-small social-form-circle\">\n\t\t\t\t\t\t\t\t\t\t\t\t\t\t\t<a rel=\"noopener noreferrer nofollow\" class=\"wd-social-icon social-facebook\" href=\"#\">\n\t\t\t\t\t\t\t\t\t<span class=\"wd-icon\"><\/span>\n\t\t\t\t\t\t\t\t<\/a>\n\t\t\t\t\t\t\t\t\t\t\t\t\t\t\n\t\t\t\t\t\t\t\t\t\t\t\t\t\t\n\t\t\t\t\t\t\t\t\t\t\t\t\t\t\n\t\t\t\t\t\t\t\t\t\t\t\t\t\t\n\t\t\t\t\t\t\t\t\t\t\t\t\t\t\t<a rel=\"noopener noreferrer nofollow\" class=\"wd-social-icon social-instagram\" href=\"#\">\n\t\t\t\t\t\t\t\t\t<span class=\"wd-icon\"><\/span>\n\t\t\t\t\t\t\t\t<\/a>\n\t\t\t\t\t\t\t\t\t\t\t\t\t<\/div>\n\t\t\t\t\t<\/div>\n\t\t\t\t\t\t\t<\/div>\n\t\t<\/div>\n\t\t\t\t<\/div>\n\t\t\t\t<\/div>\n\t\t\t\t\t<\/div>\n\t\t<\/div>\n\t\t\t\t\t\t\t<\/div>\n\t\t<\/section>\n\t\t\t\t\t\t\t<\/div>\n\t\t","protected":false},"excerpt":{"rendered":"<p>Tar\u0131m Dan\u0131\u015fmanlar\u0131m\u0131z Song\u00fcl K\u0131l\u0131n\u00e7 Ziraat M\u00fchendisi &amp; Uzman Tar\u0131m Dan\u0131\u015fman\u0131 Kahramanmara\u015f Sulama Birli\u011finde Uzman\u00a0 Tar\u0131m Dan\u0131\u015fman\u0131 olarak g\u00f6rev almakta ve<\/p>\n","protected":false},"author":1,"featured_media":0,"parent":0,"menu_order":0,"comment_status":"closed","ping_status":"closed","template":"","meta":{"footnotes":""},"class_list":["post-8515","page","type-page","status-publish","hentry"],"_links":{"self":[{"href":"http:\/\/kahramanmarassulamabirligi.gov.tr\/index.php\/wp-json\/wp\/v2\/pages\/8515","targetHints":{"allow":["GET"]}}],"collection":[{"href":"http:\/\/kahramanmarassulamabirligi.gov.tr\/index.php\/wp-json\/wp\/v2\/pages"}],"about":[{"href":"http:\/\/kahramanmarassulamabirligi.gov.tr\/index.php\/wp-json\/wp\/v2\/types\/page"}],"author":[{"embeddable":true,"href":"http:\/\/kahramanmarassulamabirligi.gov.tr\/index.php\/wp-json\/wp\/v2\/users\/1"}],"replies":[{"embeddable":true,"href":"http:\/\/kahramanmarassulamabirligi.gov.tr\/index.php\/wp-json\/wp\/v2\/comments?post=8515"}],"version-history":[{"count":10,"href":"http:\/\/kahramanmarassulamabirligi.gov.tr\/index.php\/wp-json\/wp\/v2\/pages\/8515\/revisions"}],"predecessor-version":[{"id":8934,"href":"http:\/\/kahramanmarassulamabirligi.gov.tr\/index.php\/wp-json\/wp\/v2\/pages\/8515\/revisions\/8934"}],"wp:attachment":[{"href":"http:\/\/kahramanmarassulamabirligi.gov.tr\/index.php\/wp-json\/wp\/v2\/media?parent=8515"}],"curies":[{"name":"wp","href":"https:\/\/api.w.org\/{rel}","templated":true}]}}