{"id":8505,"date":"2022-08-25T15:12:17","date_gmt":"2022-08-25T12:12:17","guid":{"rendered":"http:\/\/kahramanmarassulamabirligi.gov.tr\/?page_id=8505"},"modified":"2022-09-16T15:35:06","modified_gmt":"2022-09-16T12:35:06","slug":"tydh-tanimi-ve-amaci","status":"publish","type":"page","link":"http:\/\/kahramanmarassulamabirligi.gov.tr\/index.php\/tydh-tanimi-ve-amaci\/","title":{"rendered":"TYDH Tan\u0131m\u0131 ve Amac\u0131"},"content":{"rendered":"\t\t<div data-elementor-type=\"wp-page\" data-elementor-id=\"8505\" class=\"elementor elementor-8505\">\n\t\t\t\t\t\t\t\t\t<section class=\"wd-negative-gap elementor-section elementor-top-section elementor-element elementor-element-7051c02c elementor-section-boxed elementor-section-height-default elementor-section-height-default wd-section-disabled\" data-id=\"7051c02c\" data-element_type=\"section\">\n\t\t\t\t\t\t<div class=\"elementor-container elementor-column-gap-default\">\n\t\t\t\t\t<div class=\"elementor-column elementor-col-100 elementor-top-column elementor-element elementor-element-10849fc3\" data-id=\"10849fc3\" data-element_type=\"column\">\n\t\t\t<div class=\"elementor-widget-wrap elementor-element-populated\">\n\t\t\t\t\t\t\t\t<div class=\"elementor-element elementor-element-a36cf4e color-scheme-inherit text-left elementor-widget elementor-widget-text-editor\" data-id=\"a36cf4e\" data-element_type=\"widget\" data-widget_type=\"text-editor.default\">\n\t\t\t\t<div class=\"elementor-widget-container\">\n\t\t\t<style>\/*! elementor - v3.9.0 - 06-12-2022 *\/\n.elementor-widget-text-editor.elementor-drop-cap-view-stacked .elementor-drop-cap{background-color:#818a91;color:#fff}.elementor-widget-text-editor.elementor-drop-cap-view-framed .elementor-drop-cap{color:#818a91;border:3px solid;background-color:transparent}.elementor-widget-text-editor:not(.elementor-drop-cap-view-default) .elementor-drop-cap{margin-top:8px}.elementor-widget-text-editor:not(.elementor-drop-cap-view-default) .elementor-drop-cap-letter{width:1em;height:1em}.elementor-widget-text-editor .elementor-drop-cap{float:left;text-align:center;line-height:1;font-size:50px}.elementor-widget-text-editor .elementor-drop-cap-letter{display:inline-block}<\/style>\t\t\t\t<p><b>Tar\u0131msal Yay\u0131m ve Dan\u0131\u015fmanl\u0131k Hizmetlerinin Tan\u0131m\u0131 ve Amac\u0131<\/b><\/p>\n<p style=\"box-sizing: border-box; margin: 0px; color: #1b1b1b; font-family: Cuprum, arial; font-size: 18px; line-height: 24px; background-color: #ffffff;\"><b style=\"box-sizing: border-box;\">Tar\u0131msal Yay\u0131m ve Dan\u0131\u015fmanl\u0131k Nedir?\u00a0<\/b><span style=\"box-sizing: border-box;\"><br style=\"box-sizing: border-box;\" \/><br style=\"box-sizing: border-box;\" \/>Tar\u0131m dan\u0131\u015fman\u0131 istihdam eden \u00fcretici \u00f6rg\u00fctleri, ziraat odalar\u0131 ve bunlar\u0131n \u00fcst birlikleri, tar\u0131m dan\u0131\u015fman\u0131 istihdam eden dernek ve vak\u0131flar, s\u00f6zle\u015fme kar\u015f\u0131l\u0131\u011f\u0131nda \u00e7ift\u00e7ilere\/ tar\u0131msal i\u015fletmelere \u00fcretici \u00f6rg\u00fctlerine\/ ziraat odalar\u0131na tar\u0131msal dan\u0131\u015fmanl\u0131k hizmeti sunmak \u00fczere kurulan ve tar\u0131m dan\u0131\u015fman\u0131 istihdam eden \u015firketlere, \u00e7ift\u00e7ilere\/ tar\u0131msal i\u015fletmelere \u00fcretici \u00f6rg\u00fctlerine\/ ziraat odalar\u0131na tar\u0131msal dan\u0131\u015fmanl\u0131k hizmeti sunmak \u00fczere s\u00f6zle\u015fme imzalayan serbest tar\u0131m dan\u0131\u015fmanlar\u0131na tar\u0131msal dan\u0131\u015fmanl\u0131k yetki belgesi verilir.\u00a0<\/span><\/p>\n<p style=\"box-sizing: border-box; margin: 0px; color: #1b1b1b; font-family: Cuprum, arial; font-size: 18px; line-height: 24px; background-color: #ffffff;\"><span style=\"box-sizing: border-box;\"><b style=\"box-sizing: border-box;\">Tar\u0131msal Yay\u0131m ve Dan\u0131\u015fmanl\u0131\u011f\u0131n Amac\u0131 Nedir?\u00a0<\/b><\/span><\/p>\n<p style=\"box-sizing: border-box; margin: 0px; color: #1b1b1b; font-family: Cuprum, arial; font-size: 18px; line-height: 24px; background-color: #ffffff;\"><span style=\"box-sizing: border-box;\">1.\u00a0Tarladan sofraya g\u0131da g\u00fcvenli\u011fi ve g\u00fcvencesini sa\u011flamak<\/span><\/p>\n<p style=\"box-sizing: border-box; margin: 0px; color: #1b1b1b; font-family: Cuprum, arial; font-size: 18px; line-height: 24px; background-color: #ffffff;\"><span style=\"box-sizing: border-box;\">2.\u00a0Yay\u0131m ve dan\u0131\u015fmanl\u0131k hizmetlerinin konu uzman\u0131 ki\u015fi ve kurulu\u015flar taraf\u0131ndan y\u00fcr\u00fctmek<\/span><\/p>\n<p style=\"box-sizing: border-box; margin: 0px; color: #1b1b1b; font-family: Cuprum, arial; font-size: 18px; line-height: 24px; background-color: #ffffff;\"><span style=\"box-sizing: border-box;\">3.\u00a0Bakanl\u0131k\u00e7a sertifikaland\u0131r\u0131lan ki\u015fi ve kurulu\u015flar\u0131n yay\u0131m hizmeti sunmak<\/span><\/p>\n<p style=\"box-sizing: border-box; margin: 0px; color: #1b1b1b; font-family: Cuprum, arial; font-size: 18px; line-height: 24px; background-color: #ffffff;\"><span style=\"box-sizing: border-box;\">4. \u00dcretim ve bilgilendirmenin her safhas\u0131n\u0131 kay\u0131t alt\u0131na almak<\/span><\/p>\n<p style=\"box-sizing: border-box; margin: 0px; color: #1b1b1b; font-family: Cuprum, arial; font-size: 18px; line-height: 24px; background-color: #ffffff;\"><span style=\"box-sizing: border-box;\">5. Dan\u0131\u015fmanl\u0131k hizmeti alanlar ve sunanlar\u0131n desteklenmesini sa\u011flamak<\/span><\/p>\n<p style=\"box-sizing: border-box; margin: 0px; color: #1b1b1b; font-family: Cuprum, arial; font-size: 18px; line-height: 24px; background-color: #ffffff;\">6. Tar\u0131msal Yay\u0131m hizmetlerinin \u00f6zelle\u015ftirilmesini sa\u011flamak<\/p>\n<p style=\"box-sizing: border-box; margin: 0px; color: #1b1b1b; font-family: Cuprum, arial; font-size: 18px; line-height: 24px; background-color: #ffffff;\"><span style=\"box-sizing: border-box;\">7.\u00a0\u0130stihdam\u0131n artt\u0131r\u0131lmas\u0131na yard\u0131mc\u0131 olmak<\/span><\/p>\n<p style=\"box-sizing: border-box; margin: 0px; color: #1b1b1b; font-family: Cuprum, arial; font-size: 18px; line-height: 24px; background-color: #ffffff;\"><span style=\"box-sizing: border-box;\">8.\u00a0\u00dcr\u00fcn \u00e7e\u015fitlili\u011fi ve kalitenin artt\u0131r\u0131lmas\u0131n\u0131 sa\u011flamak<\/span><\/p>\n<p>\u00a0<\/p>\n<p style=\"box-sizing: border-box; margin: 0px; color: #1b1b1b; font-family: Cuprum, arial; font-size: 18px; line-height: 24px; background-color: #ffffff;\"><span style=\"box-sizing: border-box;\">9.\u00a0<\/span><span style=\"box-sizing: border-box;\">K\u0131rsal yerle\u015fimlerin kalk\u0131nd\u0131r\u0131lmas\u0131na ve k\u0131rsal n\u00fcfusun ya\u015fam ko\u015fullar\u0131n\u0131n iyile\u015ftirilmesine katk\u0131da bulunmak<\/span><\/p>\t\t\t\t\t\t<\/div>\n\t\t\t\t<\/div>\n\t\t\t\t\t<\/div>\n\t\t<\/div>\n\t\t\t\t\t\t\t<\/div>\n\t\t<\/section>\n\t\t\t\t<section class=\"wd-negative-gap elementor-section elementor-top-section elementor-element elementor-element-6a8af43 elementor-section-boxed elementor-section-height-default elementor-section-height-default wd-section-disabled\" data-id=\"6a8af43\" data-element_type=\"section\">\n\t\t\t\t\t\t<div class=\"elementor-container elementor-column-gap-default\">\n\t\t\t\t\t<div class=\"elementor-column elementor-col-100 elementor-top-column elementor-element elementor-element-67de443\" data-id=\"67de443\" data-element_type=\"column\">\n\t\t\t<div class=\"elementor-widget-wrap elementor-element-populated\">\n\t\t\t\t\t\t\t\t<div class=\"elementor-element elementor-element-98396a0 color-scheme-inherit text-left elementor-widget elementor-widget-text-editor\" data-id=\"98396a0\" data-element_type=\"widget\" data-widget_type=\"text-editor.default\">\n\t\t\t\t<div class=\"elementor-widget-container\">\n\t\t\t\t\t\t\t<p><a href=\"http:\/\/kahramanmarassulamabirligi.gov.tr\/wp-content\/uploads\/2022\/09\/TYDHMevzuatlar.pdf\" class=\"pdfemb-viewer\" style=\"\" data-width=\"max\" data-height=\"max\"  data-toolbar=\"both\" data-toolbar-fixed=\"off\">TYDHMevzuatlar<br\/><\/a><\/p>\t\t\t\t\t\t<\/div>\n\t\t\t\t<\/div>\n\t\t\t\t\t<\/div>\n\t\t<\/div>\n\t\t\t\t\t\t\t<\/div>\n\t\t<\/section>\n\t\t\t\t\t\t\t<\/div>\n\t\t","protected":false},"excerpt":{"rendered":"<p>Tar\u0131msal Yay\u0131m ve Dan\u0131\u015fmanl\u0131k Hizmetlerinin Tan\u0131m\u0131 ve Amac\u0131 Tar\u0131msal Yay\u0131m ve Dan\u0131\u015fmanl\u0131k Nedir?\u00a0Tar\u0131m dan\u0131\u015fman\u0131 istihdam eden \u00fcretici \u00f6rg\u00fctleri, ziraat odalar\u0131<\/p>\n","protected":false},"author":1,"featured_media":0,"parent":0,"menu_order":0,"comment_status":"closed","ping_status":"closed","template":"","meta":{"footnotes":""},"class_list":["post-8505","page","type-page","status-publish","hentry"],"_links":{"self":[{"href":"http:\/\/kahramanmarassulamabirligi.gov.tr\/index.php\/wp-json\/wp\/v2\/pages\/8505","targetHints":{"allow":["GET"]}}],"collection":[{"href":"http:\/\/kahramanmarassulamabirligi.gov.tr\/index.php\/wp-json\/wp\/v2\/pages"}],"about":[{"href":"http:\/\/kahramanmarassulamabirligi.gov.tr\/index.php\/wp-json\/wp\/v2\/types\/page"}],"author":[{"embeddable":true,"href":"http:\/\/kahramanmarassulamabirligi.gov.tr\/index.php\/wp-json\/wp\/v2\/users\/1"}],"replies":[{"embeddable":true,"href":"http:\/\/kahramanmarassulamabirligi.gov.tr\/index.php\/wp-json\/wp\/v2\/comments?post=8505"}],"version-history":[{"count":14,"href":"http:\/\/kahramanmarassulamabirligi.gov.tr\/index.php\/wp-json\/wp\/v2\/pages\/8505\/revisions"}],"predecessor-version":[{"id":8944,"href":"http:\/\/kahramanmarassulamabirligi.gov.tr\/index.php\/wp-json\/wp\/v2\/pages\/8505\/revisions\/8944"}],"wp:attachment":[{"href":"http:\/\/kahramanmarassulamabirligi.gov.tr\/index.php\/wp-json\/wp\/v2\/media?parent=8505"}],"curies":[{"name":"wp","href":"https:\/\/api.w.org\/{rel}","templated":true}]}}