{"id":8498,"date":"2022-08-25T15:08:20","date_gmt":"2022-08-25T12:08:20","guid":{"rendered":"http:\/\/kahramanmarassulamabirligi.gov.tr\/?page_id=8498"},"modified":"2022-09-22T23:29:11","modified_gmt":"2022-09-22T20:29:11","slug":"kurum-bilgileri","status":"publish","type":"page","link":"http:\/\/kahramanmarassulamabirligi.gov.tr\/index.php\/kurum-bilgileri\/","title":{"rendered":"Kurum Bilgileri"},"content":{"rendered":"\t\t<div data-elementor-type=\"wp-page\" data-elementor-id=\"8498\" class=\"elementor elementor-8498\">\n\t\t\t\t\t\t\t\t\t<section class=\"wd-negative-gap elementor-section elementor-top-section elementor-element elementor-element-261a1f1 elementor-section-boxed elementor-section-height-default elementor-section-height-default wd-section-disabled\" data-id=\"261a1f1\" data-element_type=\"section\">\n\t\t\t\t\t\t<div class=\"elementor-container elementor-column-gap-default\">\n\t\t\t\t\t<div class=\"elementor-column elementor-col-100 elementor-top-column elementor-element elementor-element-8a48e5c\" data-id=\"8a48e5c\" data-element_type=\"column\">\n\t\t\t<div class=\"elementor-widget-wrap elementor-element-populated\">\n\t\t\t\t\t\t\t\t<div class=\"elementor-element elementor-element-81a63f6 elementor-widget elementor-widget-heading\" data-id=\"81a63f6\" data-element_type=\"widget\" data-widget_type=\"heading.default\">\n\t\t\t\t<div class=\"elementor-widget-container\">\n\t\t\t<style>\/*! elementor - v3.9.0 - 06-12-2022 *\/\n.elementor-heading-title{padding:0;margin:0;line-height:1}.elementor-widget-heading .elementor-heading-title[class*=elementor-size-]>a{color:inherit;font-size:inherit;line-height:inherit}.elementor-widget-heading .elementor-heading-title.elementor-size-small{font-size:15px}.elementor-widget-heading .elementor-heading-title.elementor-size-medium{font-size:19px}.elementor-widget-heading .elementor-heading-title.elementor-size-large{font-size:29px}.elementor-widget-heading .elementor-heading-title.elementor-size-xl{font-size:39px}.elementor-widget-heading .elementor-heading-title.elementor-size-xxl{font-size:59px}<\/style><h2 class=\"elementor-heading-title elementor-size-default\">Kahramanmara\u015f Sulama Birli\u011fi<\/h2>\t\t<\/div>\n\t\t\t\t<\/div>\n\t\t\t\t\t<\/div>\n\t\t<\/div>\n\t\t\t\t\t\t\t<\/div>\n\t\t<\/section>\n\t\t\t\t<section class=\"wd-negative-gap elementor-section elementor-top-section elementor-element elementor-element-d3c9577 elementor-section-boxed elementor-section-height-default elementor-section-height-default wd-section-disabled\" data-id=\"d3c9577\" data-element_type=\"section\">\n\t\t\t\t\t\t<div class=\"elementor-container elementor-column-gap-default\">\n\t\t\t\t\t<div class=\"elementor-column elementor-col-100 elementor-top-column elementor-element elementor-element-4416731\" data-id=\"4416731\" data-element_type=\"column\">\n\t\t\t<div class=\"elementor-widget-wrap elementor-element-populated\">\n\t\t\t\t\t\t\t\t<div class=\"elementor-element elementor-element-d9239cb color-scheme-inherit text-left elementor-widget elementor-widget-text-editor\" data-id=\"d9239cb\" data-element_type=\"widget\" data-widget_type=\"text-editor.default\">\n\t\t\t\t<div class=\"elementor-widget-container\">\n\t\t\t<style>\/*! elementor - v3.9.0 - 06-12-2022 *\/\n.elementor-widget-text-editor.elementor-drop-cap-view-stacked .elementor-drop-cap{background-color:#818a91;color:#fff}.elementor-widget-text-editor.elementor-drop-cap-view-framed .elementor-drop-cap{color:#818a91;border:3px solid;background-color:transparent}.elementor-widget-text-editor:not(.elementor-drop-cap-view-default) .elementor-drop-cap{margin-top:8px}.elementor-widget-text-editor:not(.elementor-drop-cap-view-default) .elementor-drop-cap-letter{width:1em;height:1em}.elementor-widget-text-editor .elementor-drop-cap{float:left;text-align:center;line-height:1;font-size:50px}.elementor-widget-text-editor .elementor-drop-cap-letter{display:inline-block}<\/style>\t\t\t\t<p><strong>KARTALKAYA SA\u011e VE SOL SAH\u0130L SULAMA SAHASI<\/strong><\/p><p>05 Temmuz 1994 tarihinde Resmi Gazete\u2019de yay\u0131nlanarak faaliyete ba\u015flam\u0131\u015ft\u0131r.<br \/>14.09.1994 tarihinde DS\u0130 ile imza alt\u0131na al\u0131nan Devir Protokol\u00fc ile tesislerin \u0130\u015fletme-Bak\u0131m ve Y\u00f6netimi devral\u0131nm\u0131\u015ft\u0131r.<\/p><p>2004 y\u0131l\u0131na kadar 1930 tarihli 1580 say\u0131l\u0131 Belediye Kanunu\u2019na g\u00f6re kurulmu\u015f ve i\u015flemlerini y\u00fcr\u00fctm\u00fc\u015ft\u00fcr.<\/p><p>2004 y\u0131l\u0131nda \u00e7\u0131kan 5272 say\u0131l\u0131 ve 2005 y\u0131l\u0131nda \u00e7\u0131kan 5393 say\u0131l\u0131 Belediye Kanunu\u2019nda birlik kurulmas\u0131na ili\u015fkin h\u00fck\u00fcm bulunmad\u0131\u011f\u0131ndan sulama birlikleri de dahil olmak \u00fczere belediyelerin kurmu\u015f oldu\u011fu t\u00fcm birlikler i\u00e7in hukuk\u00ee bo\u015fluk olu\u015fmu\u015ftur.<\/p><p>TBMM\u2019 de 26.05.2005 tarihinde kabul edilen 5355 say\u0131l\u0131 \u201cMahalli \u0130dare Birlikleri Kanunu\u201d ile\u00a0 Sulama Birliklerindeki hukuki bo\u015fluk doldurulmu\u015ftur.<\/p><p>22 Mart 2011 tarihinde 6172 say\u0131l\u0131 Sulama Birlikleri Kanunu \u00e7\u0131km\u0131\u015ft\u0131r. 2018 Y\u0131l\u0131nda TBMM\u2019de 7139 say\u0131l\u0131 kanunla yap\u0131lan baz\u0131 De\u011fi\u015fiklikler sonucu Sulama Birliklerindeki \u201cSe\u00e7im ve meclis\u201d i\u015flemi kald\u0131r\u0131lm\u0131\u015f ve Birlik Ba\u015fkanl\u0131\u011f\u0131nda kamu personelinden \u201cAtama\u201d usul\u00fcne ge\u00e7ilmi\u015ftir.<\/p><p><strong>KARTALKAYA S\u0130RE\u015eANLI SULAMA SAHASI<\/strong><\/p><p><strong>\u00a0<\/strong>Kartalkaya Baraj\u0131 Sulama Sahas\u0131nda olup \u015fuanda in\u015fa a\u015famas\u0131ndad\u0131r. Projenin tamamlanmas\u0131yla 2250 ha tar\u0131m arazisi sulanabilecektir.<\/p><p><strong>\u00a0<\/strong><strong>AYVALI SULAMA SAHASI<\/strong><\/p><p>2006 y\u0131l\u0131nda kurulup 2007 y\u0131l\u0131nda faaliyete ba\u015flam\u0131\u015f olup, 2014 y\u0131l\u0131na kadar ilkel y\u00f6ntemlerle ( toprak arklarla ) sulama yapt\u0131rmaktayd\u0131.<\/p><p>2014 y\u0131l\u0131nda Kapal\u0131 Sistem Sulama \u015eebekesi (Borulu) tamamlanarak i\u015fletmeye a\u00e7\u0131lm\u0131\u015ft\u0131r.<\/p><p>\u00a0<\/p><p><strong><em>2019 YILINDA YAPILAN KANUN DE\u011e\u0130\u015e\u0130KL\u0130\u011e\u0130 \u0130LE KARTALKAYA SOL SAH\u0130L, KARTALKAYA SA\u011e SAH\u0130L, AYVALI VE S\u0130RE\u015eANLI SULAMA SAHALARI B\u0130RLE\u015eT\u0130R\u0130LEREK KAHRAMANMARA\u015e SULAMA B\u0130RL\u0130\u011e\u0130 OLARAK DE\u011e\u0130\u015eT\u0130R\u0130LM\u0130\u015eT\u0130R.<\/em><\/strong><\/p>\t\t\t\t\t\t<\/div>\n\t\t\t\t<\/div>\n\t\t\t\t\t<\/div>\n\t\t<\/div>\n\t\t\t\t\t\t\t<\/div>\n\t\t<\/section>\n\t\t\t\t<section class=\"wd-negative-gap elementor-section elementor-top-section elementor-element elementor-element-225894c elementor-section-boxed elementor-section-height-default elementor-section-height-default wd-section-disabled\" data-id=\"225894c\" data-element_type=\"section\">\n\t\t\t\t\t\t<div class=\"elementor-container elementor-column-gap-default\">\n\t\t\t\t\t<div class=\"elementor-column elementor-col-100 elementor-top-column elementor-element elementor-element-0edfa2b\" data-id=\"0edfa2b\" data-element_type=\"column\">\n\t\t\t<div class=\"elementor-widget-wrap elementor-element-populated\">\n\t\t\t\t\t\t\t\t<div class=\"elementor-element elementor-element-3c927b9 elementor-widget-divider--view-line elementor-widget elementor-widget-divider\" data-id=\"3c927b9\" data-element_type=\"widget\" data-widget_type=\"divider.default\">\n\t\t\t\t<div class=\"elementor-widget-container\">\n\t\t\t<style>\/*! elementor - v3.9.0 - 06-12-2022 *\/\n.elementor-widget-divider{--divider-border-style:none;--divider-border-width:1px;--divider-color:#2c2c2c;--divider-icon-size:20px;--divider-element-spacing:10px;--divider-pattern-height:24px;--divider-pattern-size:20px;--divider-pattern-url:none;--divider-pattern-repeat:repeat-x}.elementor-widget-divider .elementor-divider{display:flex}.elementor-widget-divider .elementor-divider__text{font-size:15px;line-height:1;max-width:95%}.elementor-widget-divider .elementor-divider__element{margin:0 var(--divider-element-spacing);flex-shrink:0}.elementor-widget-divider .elementor-icon{font-size:var(--divider-icon-size)}.elementor-widget-divider .elementor-divider-separator{display:flex;margin:0;direction:ltr}.elementor-widget-divider--view-line_icon .elementor-divider-separator,.elementor-widget-divider--view-line_text .elementor-divider-separator{align-items:center}.elementor-widget-divider--view-line_icon .elementor-divider-separator:after,.elementor-widget-divider--view-line_icon .elementor-divider-separator:before,.elementor-widget-divider--view-line_text .elementor-divider-separator:after,.elementor-widget-divider--view-line_text .elementor-divider-separator:before{display:block;content:\"\";border-bottom:0;flex-grow:1;border-top:var(--divider-border-width) var(--divider-border-style) var(--divider-color)}.elementor-widget-divider--element-align-left .elementor-divider .elementor-divider-separator>.elementor-divider__svg:first-of-type{flex-grow:0;flex-shrink:100}.elementor-widget-divider--element-align-left .elementor-divider-separator:before{content:none}.elementor-widget-divider--element-align-left .elementor-divider__element{margin-left:0}.elementor-widget-divider--element-align-right .elementor-divider .elementor-divider-separator>.elementor-divider__svg:last-of-type{flex-grow:0;flex-shrink:100}.elementor-widget-divider--element-align-right .elementor-divider-separator:after{content:none}.elementor-widget-divider--element-align-right .elementor-divider__element{margin-right:0}.elementor-widget-divider:not(.elementor-widget-divider--view-line_text):not(.elementor-widget-divider--view-line_icon) .elementor-divider-separator{border-top:var(--divider-border-width) var(--divider-border-style) var(--divider-color)}.elementor-widget-divider--separator-type-pattern{--divider-border-style:none}.elementor-widget-divider--separator-type-pattern.elementor-widget-divider--view-line .elementor-divider-separator,.elementor-widget-divider--separator-type-pattern:not(.elementor-widget-divider--view-line) .elementor-divider-separator:after,.elementor-widget-divider--separator-type-pattern:not(.elementor-widget-divider--view-line) .elementor-divider-separator:before,.elementor-widget-divider--separator-type-pattern:not([class*=elementor-widget-divider--view]) .elementor-divider-separator{width:100%;min-height:var(--divider-pattern-height);-webkit-mask-size:var(--divider-pattern-size) 100%;mask-size:var(--divider-pattern-size) 100%;-webkit-mask-repeat:var(--divider-pattern-repeat);mask-repeat:var(--divider-pattern-repeat);background-color:var(--divider-color);-webkit-mask-image:var(--divider-pattern-url);mask-image:var(--divider-pattern-url)}.elementor-widget-divider--no-spacing{--divider-pattern-size:auto}.elementor-widget-divider--bg-round{--divider-pattern-repeat:round}.rtl .elementor-widget-divider .elementor-divider__text{direction:rtl}.e-con-inner>.elementor-widget-divider,.e-con>.elementor-widget-divider{width:var(--container-widget-width);--flex-grow:var(--container-widget-flex-grow)}<\/style>\t\t<div class=\"elementor-divider\">\n\t\t\t<span class=\"elementor-divider-separator\">\n\t\t\t\t\t\t<\/span>\n\t\t<\/div>\n\t\t\t\t<\/div>\n\t\t\t\t<\/div>\n\t\t\t\t<div class=\"elementor-element elementor-element-5a81382 elementor-widget elementor-widget-heading\" data-id=\"5a81382\" data-element_type=\"widget\" data-widget_type=\"heading.default\">\n\t\t\t\t<div class=\"elementor-widget-container\">\n\t\t\t<h2 class=\"elementor-heading-title elementor-size-default\">KURUM B\u0130LG\u0130LER\u0130<\/h2>\t\t<\/div>\n\t\t\t\t<\/div>\n\t\t\t\t\t<\/div>\n\t\t<\/div>\n\t\t\t\t\t\t\t<\/div>\n\t\t<\/section>\n\t\t\t\t<section class=\"wd-negative-gap elementor-section elementor-top-section elementor-element elementor-element-41ad277 elementor-section-boxed elementor-section-height-default elementor-section-height-default wd-section-disabled\" data-id=\"41ad277\" data-element_type=\"section\">\n\t\t\t\t\t\t<div class=\"elementor-container elementor-column-gap-default\">\n\t\t\t\t\t<div class=\"elementor-column elementor-col-100 elementor-top-column elementor-element elementor-element-05cb085\" data-id=\"05cb085\" data-element_type=\"column\">\n\t\t\t<div class=\"elementor-widget-wrap elementor-element-populated\">\n\t\t\t\t\t\t\t\t<div class=\"elementor-element elementor-element-a8335ab elementor-widget elementor-widget-shortcode\" data-id=\"a8335ab\" data-element_type=\"widget\" data-widget_type=\"shortcode.default\">\n\t\t\t\t<div class=\"elementor-widget-container\">\n\t\t\t\t\t<div class=\"elementor-shortcode\">[wptb id=9139]\n                <\/div>\n\t\t\t\t<\/div>\n\t\t\t\t<\/div>\n\t\t\t\t\t<\/div>\n\t\t<\/div>\n\t\t\t\t\t\t\t<\/div>\n\t\t<\/section>\n\t\t\t\t\t\t\t<\/div>\n\t\t","protected":false},"excerpt":{"rendered":"<p>Kahramanmara\u015f Sulama Birli\u011fi KARTALKAYA SA\u011e VE SOL SAH\u0130L SULAMA SAHASI 05 Temmuz 1994 tarihinde Resmi Gazete\u2019de yay\u0131nlanarak faaliyete ba\u015flam\u0131\u015ft\u0131r.14.09.1994 tarihinde<\/p>\n","protected":false},"author":1,"featured_media":0,"parent":0,"menu_order":0,"comment_status":"closed","ping_status":"closed","template":"","meta":{"footnotes":""},"class_list":["post-8498","page","type-page","status-publish","hentry"],"_links":{"self":[{"href":"http:\/\/kahramanmarassulamabirligi.gov.tr\/index.php\/wp-json\/wp\/v2\/pages\/8498","targetHints":{"allow":["GET"]}}],"collection":[{"href":"http:\/\/kahramanmarassulamabirligi.gov.tr\/index.php\/wp-json\/wp\/v2\/pages"}],"about":[{"href":"http:\/\/kahramanmarassulamabirligi.gov.tr\/index.php\/wp-json\/wp\/v2\/types\/page"}],"author":[{"embeddable":true,"href":"http:\/\/kahramanmarassulamabirligi.gov.tr\/index.php\/wp-json\/wp\/v2\/users\/1"}],"replies":[{"embeddable":true,"href":"http:\/\/kahramanmarassulamabirligi.gov.tr\/index.php\/wp-json\/wp\/v2\/comments?post=8498"}],"version-history":[{"count":19,"href":"http:\/\/kahramanmarassulamabirligi.gov.tr\/index.php\/wp-json\/wp\/v2\/pages\/8498\/revisions"}],"predecessor-version":[{"id":9147,"href":"http:\/\/kahramanmarassulamabirligi.gov.tr\/index.php\/wp-json\/wp\/v2\/pages\/8498\/revisions\/9147"}],"wp:attachment":[{"href":"http:\/\/kahramanmarassulamabirligi.gov.tr\/index.php\/wp-json\/wp\/v2\/media?parent=8498"}],"curies":[{"name":"wp","href":"https:\/\/api.w.org\/{rel}","templated":true}]}}