{"id":8496,"date":"2022-08-25T15:07:59","date_gmt":"2022-08-25T12:07:59","guid":{"rendered":"http:\/\/kahramanmarassulamabirligi.gov.tr\/?page_id=8496"},"modified":"2022-10-25T10:56:51","modified_gmt":"2022-10-25T07:56:51","slug":"personel-ve-personel-gorev-alanlari","status":"publish","type":"page","link":"http:\/\/kahramanmarassulamabirligi.gov.tr\/index.php\/personel-ve-personel-gorev-alanlari\/","title":{"rendered":"Personel ve Personel G\u00f6rev Alanlar\u0131"},"content":{"rendered":"\t\t<div data-elementor-type=\"wp-page\" data-elementor-id=\"8496\" class=\"elementor elementor-8496\">\n\t\t\t\t\t\t\t\t\t<section class=\"wd-negative-gap elementor-section elementor-top-section elementor-element elementor-element-8c999ee elementor-section-boxed elementor-section-height-default elementor-section-height-default wd-section-disabled\" data-id=\"8c999ee\" data-element_type=\"section\">\n\t\t\t\t\t\t<div class=\"elementor-container elementor-column-gap-default\">\n\t\t\t\t\t<div class=\"elementor-column elementor-col-100 elementor-top-column elementor-element elementor-element-d2765c0\" data-id=\"d2765c0\" data-element_type=\"column\">\n\t\t\t<div class=\"elementor-widget-wrap elementor-element-populated\">\n\t\t\t\t\t\t\t\t<div class=\"elementor-element elementor-element-a8b4300 elementor-widget elementor-widget-heading\" data-id=\"a8b4300\" data-element_type=\"widget\" data-widget_type=\"heading.default\">\n\t\t\t\t<div class=\"elementor-widget-container\">\n\t\t\t<style>\/*! elementor - v3.9.0 - 06-12-2022 *\/\n.elementor-heading-title{padding:0;margin:0;line-height:1}.elementor-widget-heading .elementor-heading-title[class*=elementor-size-]>a{color:inherit;font-size:inherit;line-height:inherit}.elementor-widget-heading .elementor-heading-title.elementor-size-small{font-size:15px}.elementor-widget-heading .elementor-heading-title.elementor-size-medium{font-size:19px}.elementor-widget-heading .elementor-heading-title.elementor-size-large{font-size:29px}.elementor-widget-heading .elementor-heading-title.elementor-size-xl{font-size:39px}.elementor-widget-heading .elementor-heading-title.elementor-size-xxl{font-size:59px}<\/style><h2 class=\"elementor-heading-title elementor-size-default\">Personel G\u00f6rev Alanlar\u0131<\/h2>\t\t<\/div>\n\t\t\t\t<\/div>\n\t\t\t\t\t<\/div>\n\t\t<\/div>\n\t\t\t\t\t\t\t<\/div>\n\t\t<\/section>\n\t\t\t\t<section class=\"wd-negative-gap elementor-section elementor-top-section elementor-element elementor-element-d9852e1 elementor-section-boxed elementor-section-height-default elementor-section-height-default wd-section-disabled\" data-id=\"d9852e1\" data-element_type=\"section\">\n\t\t\t\t\t\t<div class=\"elementor-container elementor-column-gap-default\">\n\t\t\t\t\t<div class=\"elementor-column elementor-col-100 elementor-top-column elementor-element elementor-element-f64de49\" data-id=\"f64de49\" data-element_type=\"column\">\n\t\t\t<div class=\"elementor-widget-wrap elementor-element-populated\">\n\t\t\t\t\t\t\t\t<div class=\"elementor-element elementor-element-4b38db2 elementor-tabs-view-vertical elementor-widget elementor-widget-tabs\" data-id=\"4b38db2\" data-element_type=\"widget\" data-widget_type=\"tabs.default\">\n\t\t\t\t<div class=\"elementor-widget-container\">\n\t\t\t<style>\/*! elementor - v3.9.0 - 06-12-2022 *\/\n.elementor-widget-tabs.elementor-tabs-view-vertical .elementor-tabs-wrapper{width:25%;flex-shrink:0}.elementor-widget-tabs.elementor-tabs-view-vertical .elementor-tab-desktop-title.elementor-active{border-right-style:none}.elementor-widget-tabs.elementor-tabs-view-vertical .elementor-tab-desktop-title.elementor-active:after,.elementor-widget-tabs.elementor-tabs-view-vertical .elementor-tab-desktop-title.elementor-active:before{height:999em;width:0;right:0;border-right-style:solid}.elementor-widget-tabs.elementor-tabs-view-vertical .elementor-tab-desktop-title.elementor-active:before{top:0;transform:translateY(-100%)}.elementor-widget-tabs.elementor-tabs-view-vertical .elementor-tab-desktop-title.elementor-active:after{top:100%}.elementor-widget-tabs.elementor-tabs-view-horizontal .elementor-tab-desktop-title{display:table-cell}.elementor-widget-tabs.elementor-tabs-view-horizontal .elementor-tab-desktop-title.elementor-active{border-bottom-style:none}.elementor-widget-tabs.elementor-tabs-view-horizontal .elementor-tab-desktop-title.elementor-active:after,.elementor-widget-tabs.elementor-tabs-view-horizontal .elementor-tab-desktop-title.elementor-active:before{bottom:0;height:0;width:999em;border-bottom-style:solid}.elementor-widget-tabs.elementor-tabs-view-horizontal .elementor-tab-desktop-title.elementor-active:before{right:100%}.elementor-widget-tabs.elementor-tabs-view-horizontal .elementor-tab-desktop-title.elementor-active:after{left:100%}.elementor-widget-tabs .elementor-tab-content,.elementor-widget-tabs .elementor-tab-title,.elementor-widget-tabs .elementor-tab-title:after,.elementor-widget-tabs .elementor-tab-title:before,.elementor-widget-tabs .elementor-tabs-content-wrapper{border:1px #d4d4d4}.elementor-widget-tabs .elementor-tabs{text-align:left}.elementor-widget-tabs .elementor-tabs-wrapper{overflow:hidden}.elementor-widget-tabs .elementor-tab-title{cursor:pointer;outline:var(--focus-outline,none)}.elementor-widget-tabs .elementor-tab-desktop-title{position:relative;padding:20px 25px;font-weight:700;line-height:1;border:solid transparent}.elementor-widget-tabs .elementor-tab-desktop-title.elementor-active{border-color:#d4d4d4}.elementor-widget-tabs .elementor-tab-desktop-title.elementor-active:after,.elementor-widget-tabs .elementor-tab-desktop-title.elementor-active:before{display:block;content:\"\";position:absolute}.elementor-widget-tabs .elementor-tab-desktop-title:focus-visible{border:1px solid #000}.elementor-widget-tabs .elementor-tab-mobile-title{padding:10px;cursor:pointer}.elementor-widget-tabs .elementor-tab-content{padding:20px;display:none}@media (max-width:767px){.elementor-tabs .elementor-tab-content,.elementor-tabs .elementor-tab-title{border-style:solid solid none}.elementor-tabs .elementor-tabs-wrapper{display:none}.elementor-tabs .elementor-tabs-content-wrapper{border-bottom-style:solid}.elementor-tabs .elementor-tab-content{padding:10px}}@media (min-width:768px){.elementor-widget-tabs.elementor-tabs-view-vertical .elementor-tabs{display:flex}.elementor-widget-tabs.elementor-tabs-view-vertical .elementor-tabs-wrapper{flex-direction:column}.elementor-widget-tabs.elementor-tabs-view-vertical .elementor-tabs-content-wrapper{flex-grow:1;border-style:solid solid solid none}.elementor-widget-tabs.elementor-tabs-view-horizontal .elementor-tab-content{border-style:none solid solid}.elementor-widget-tabs.elementor-tabs-alignment-center .elementor-tabs-wrapper,.elementor-widget-tabs.elementor-tabs-alignment-end .elementor-tabs-wrapper,.elementor-widget-tabs.elementor-tabs-alignment-stretch .elementor-tabs-wrapper{display:flex}.elementor-widget-tabs.elementor-tabs-alignment-center .elementor-tabs-wrapper{justify-content:center}.elementor-widget-tabs.elementor-tabs-alignment-end .elementor-tabs-wrapper{justify-content:flex-end}.elementor-widget-tabs.elementor-tabs-alignment-stretch.elementor-tabs-view-horizontal .elementor-tab-title{width:100%}.elementor-widget-tabs.elementor-tabs-alignment-stretch.elementor-tabs-view-vertical .elementor-tab-title{height:100%}.elementor-tabs .elementor-tab-mobile-title{display:none}}<\/style>\t\t<div class=\"elementor-tabs\">\n\t\t\t<div class=\"elementor-tabs-wrapper\" role=\"tablist\" >\n\t\t\t\t\t\t\t\t\t<div id=\"elementor-tab-title-7881\" class=\"elementor-tab-title elementor-tab-desktop-title\" aria-selected=\"true\" data-tab=\"1\" role=\"tab\" tabindex=\"0\" aria-controls=\"elementor-tab-content-7881\" aria-expanded=\"false\">Ba\u015fkan <\/div>\n\t\t\t\t\t\t\t\t\t<div id=\"elementor-tab-title-7882\" class=\"elementor-tab-title elementor-tab-desktop-title\" aria-selected=\"false\" data-tab=\"2\" role=\"tab\" tabindex=\"-1\" aria-controls=\"elementor-tab-content-7882\" aria-expanded=\"false\">Birlik M\u00fcd\u00fcr\u00fc<\/div>\n\t\t\t\t\t\t\t\t\t<div id=\"elementor-tab-title-7883\" class=\"elementor-tab-title elementor-tab-desktop-title\" aria-selected=\"false\" data-tab=\"3\" role=\"tab\" tabindex=\"-1\" aria-controls=\"elementor-tab-content-7883\" aria-expanded=\"false\">Sayman<\/div>\n\t\t\t\t\t\t\t\t\t<div id=\"elementor-tab-title-7884\" class=\"elementor-tab-title elementor-tab-desktop-title\" aria-selected=\"false\" data-tab=\"4\" role=\"tab\" tabindex=\"-1\" aria-controls=\"elementor-tab-content-7884\" aria-expanded=\"false\">Veznedar(Tahsilat)<\/div>\n\t\t\t\t\t\t\t\t\t<div id=\"elementor-tab-title-7885\" class=\"elementor-tab-title elementor-tab-desktop-title\" aria-selected=\"false\" data-tab=\"5\" role=\"tab\" tabindex=\"-1\" aria-controls=\"elementor-tab-content-7885\" aria-expanded=\"false\">\u0130n\u015faat Bak\u0131m ve Onar\u0131m<\/div>\n\t\t\t\t\t\t\t\t\t<div id=\"elementor-tab-title-7886\" class=\"elementor-tab-title elementor-tab-desktop-title\" aria-selected=\"false\" data-tab=\"6\" role=\"tab\" tabindex=\"-1\" aria-controls=\"elementor-tab-content-7886\" aria-expanded=\"false\">Tar\u0131m Dan\u0131\u015fman\u0131 ve Ziraat M\u00fchensi<\/div>\n\t\t\t\t\t\t\t\t\t<div id=\"elementor-tab-title-7887\" class=\"elementor-tab-title elementor-tab-desktop-title\" aria-selected=\"false\" data-tab=\"7\" role=\"tab\" tabindex=\"-1\" aria-controls=\"elementor-tab-content-7887\" aria-expanded=\"false\">B\u00fcro ve Yaz\u0131 \u0130\u015fleri Sorumlusu<\/div>\n\t\t\t\t\t\t\t\t\t<div id=\"elementor-tab-title-7888\" class=\"elementor-tab-title elementor-tab-desktop-title\" aria-selected=\"false\" data-tab=\"8\" role=\"tab\" tabindex=\"-1\" aria-controls=\"elementor-tab-content-7888\" aria-expanded=\"false\">Mesaha G\u00f6revlisi<\/div>\n\t\t\t\t\t\t\t\t\t<div id=\"elementor-tab-title-7889\" class=\"elementor-tab-title elementor-tab-desktop-title\" aria-selected=\"false\" data-tab=\"9\" role=\"tab\" tabindex=\"-1\" aria-controls=\"elementor-tab-content-7889\" aria-expanded=\"false\">Veri Kay\u0131t Operat\u00f6r\u00fc<\/div>\n\t\t\t\t\t\t\t\t\t<div id=\"elementor-tab-title-78810\" class=\"elementor-tab-title elementor-tab-desktop-title\" aria-selected=\"false\" data-tab=\"10\" role=\"tab\" tabindex=\"-1\" aria-controls=\"elementor-tab-content-78810\" aria-expanded=\"false\">Harita TEKN\u0130KER\u0130<\/div>\n\t\t\t\t\t\t\t\t\t<div id=\"elementor-tab-title-78811\" class=\"elementor-tab-title elementor-tab-desktop-title\" aria-selected=\"false\" data-tab=\"11\" role=\"tab\" tabindex=\"-1\" aria-controls=\"elementor-tab-content-78811\" aria-expanded=\"false\">B\u00fcro Eleman\u0131<\/div>\n\t\t\t\t\t\t\t\t\t<div id=\"elementor-tab-title-78812\" class=\"elementor-tab-title elementor-tab-desktop-title\" aria-selected=\"false\" data-tab=\"12\" role=\"tab\" tabindex=\"-1\" aria-controls=\"elementor-tab-content-78812\" aria-expanded=\"false\">\u015eef<\/div>\n\t\t\t\t\t\t\t\t\t<div id=\"elementor-tab-title-78813\" class=\"elementor-tab-title elementor-tab-desktop-title\" aria-selected=\"false\" data-tab=\"13\" role=\"tab\" tabindex=\"-1\" aria-controls=\"elementor-tab-content-78813\" aria-expanded=\"false\">Operat\u00f6r<\/div>\n\t\t\t\t\t\t\t\t\t<div id=\"elementor-tab-title-78814\" class=\"elementor-tab-title elementor-tab-desktop-title\" aria-selected=\"false\" data-tab=\"14\" role=\"tab\" tabindex=\"-1\" aria-controls=\"elementor-tab-content-78814\" aria-expanded=\"false\">Sulama G\u00f6revlileri<\/div>\n\t\t\t\t\t\t\t\t\t<div id=\"elementor-tab-title-78815\" class=\"elementor-tab-title elementor-tab-desktop-title\" aria-selected=\"false\" data-tab=\"15\" role=\"tab\" tabindex=\"-1\" aria-controls=\"elementor-tab-content-78815\" aria-expanded=\"false\">Temizlik G\u00f6revlisi<\/div>\n\t\t\t\t\t\t\t<\/div>\n\t\t\t<div class=\"elementor-tabs-content-wrapper\" role=\"tablist\" aria-orientation=\"vertical\">\n\t\t\t\t\t\t\t\t\t<div class=\"elementor-tab-title elementor-tab-mobile-title\" aria-selected=\"true\" data-tab=\"1\" role=\"tab\" tabindex=\"0\" aria-controls=\"elementor-tab-content-7881\" aria-expanded=\"false\">Ba\u015fkan <\/div>\n\t\t\t\t\t<div id=\"elementor-tab-content-7881\" class=\"elementor-tab-content elementor-clearfix\" data-tab=\"1\" role=\"tabpanel\" aria-labelledby=\"elementor-tab-title-7881\" tabindex=\"0\" hidden=\"false\"><p>Erol Geyik- Kahramanmara\u015f Sulama Birli\u011fi Ba\u015fkan\u0131<\/p><\/div>\n\t\t\t\t\t\t\t\t\t<div class=\"elementor-tab-title elementor-tab-mobile-title\" aria-selected=\"false\" data-tab=\"2\" role=\"tab\" tabindex=\"-1\" aria-controls=\"elementor-tab-content-7882\" aria-expanded=\"false\">Birlik M\u00fcd\u00fcr\u00fc<\/div>\n\t\t\t\t\t<div id=\"elementor-tab-content-7882\" class=\"elementor-tab-content elementor-clearfix\" data-tab=\"2\" role=\"tabpanel\" aria-labelledby=\"elementor-tab-title-7882\" tabindex=\"0\" hidden=\"hidden\"><p>Mustafa Kemal AYIK<\/p><\/div>\n\t\t\t\t\t\t\t\t\t<div class=\"elementor-tab-title elementor-tab-mobile-title\" aria-selected=\"false\" data-tab=\"3\" role=\"tab\" tabindex=\"-1\" aria-controls=\"elementor-tab-content-7883\" aria-expanded=\"false\">Sayman<\/div>\n\t\t\t\t\t<div id=\"elementor-tab-content-7883\" class=\"elementor-tab-content elementor-clearfix\" data-tab=\"3\" role=\"tabpanel\" aria-labelledby=\"elementor-tab-title-7883\" tabindex=\"0\" hidden=\"hidden\"><p>Hakan DEV\u0130R<\/p><\/div>\n\t\t\t\t\t\t\t\t\t<div class=\"elementor-tab-title elementor-tab-mobile-title\" aria-selected=\"false\" data-tab=\"4\" role=\"tab\" tabindex=\"-1\" aria-controls=\"elementor-tab-content-7884\" aria-expanded=\"false\">Veznedar(Tahsilat)<\/div>\n\t\t\t\t\t<div id=\"elementor-tab-content-7884\" class=\"elementor-tab-content elementor-clearfix\" data-tab=\"4\" role=\"tabpanel\" aria-labelledby=\"elementor-tab-title-7884\" tabindex=\"0\" hidden=\"hidden\"><p>Kemal KO\u015eAK<\/p><\/div>\n\t\t\t\t\t\t\t\t\t<div class=\"elementor-tab-title elementor-tab-mobile-title\" aria-selected=\"false\" data-tab=\"5\" role=\"tab\" tabindex=\"-1\" aria-controls=\"elementor-tab-content-7885\" aria-expanded=\"false\">\u0130n\u015faat Bak\u0131m ve Onar\u0131m<\/div>\n\t\t\t\t\t<div id=\"elementor-tab-content-7885\" class=\"elementor-tab-content elementor-clearfix\" data-tab=\"5\" role=\"tabpanel\" aria-labelledby=\"elementor-tab-title-7885\" tabindex=\"0\" hidden=\"hidden\"><p>F\u0131rat TORUN<\/p><\/div>\n\t\t\t\t\t\t\t\t\t<div class=\"elementor-tab-title elementor-tab-mobile-title\" aria-selected=\"false\" data-tab=\"6\" role=\"tab\" tabindex=\"-1\" aria-controls=\"elementor-tab-content-7886\" aria-expanded=\"false\">Tar\u0131m Dan\u0131\u015fman\u0131 ve Ziraat M\u00fchensi<\/div>\n\t\t\t\t\t<div id=\"elementor-tab-content-7886\" class=\"elementor-tab-content elementor-clearfix\" data-tab=\"6\" role=\"tabpanel\" aria-labelledby=\"elementor-tab-title-7886\" tabindex=\"0\" hidden=\"hidden\"><ul><li>Fatma G\u00fcl OLURO\u011eULLARI -Y\u00fcksek Ziraat M\u00fchendisi-Tar\u0131m Dan\u0131\u015fman\u0131<\/li><li>Song\u00fcl KILIN\u00c7-Ziraat M\u00fchendisi-Tar\u0131m Dan\u0131\u015fman\u0131<\/li><li>Mustafa KELE\u015eER &#8211; Ziraat M\u00fchendisi<\/li><\/ul><\/div>\n\t\t\t\t\t\t\t\t\t<div class=\"elementor-tab-title elementor-tab-mobile-title\" aria-selected=\"false\" data-tab=\"7\" role=\"tab\" tabindex=\"-1\" aria-controls=\"elementor-tab-content-7887\" aria-expanded=\"false\">B\u00fcro ve Yaz\u0131 \u0130\u015fleri Sorumlusu<\/div>\n\t\t\t\t\t<div id=\"elementor-tab-content-7887\" class=\"elementor-tab-content elementor-clearfix\" data-tab=\"7\" role=\"tabpanel\" aria-labelledby=\"elementor-tab-title-7887\" tabindex=\"0\" hidden=\"hidden\"><ul><li>Osman HUYLU<\/li><li>Halit KARABUDAK<\/li><\/ul><p>\u00a0<\/p><\/div>\n\t\t\t\t\t\t\t\t\t<div class=\"elementor-tab-title elementor-tab-mobile-title\" aria-selected=\"false\" data-tab=\"8\" role=\"tab\" tabindex=\"-1\" aria-controls=\"elementor-tab-content-7888\" aria-expanded=\"false\">Mesaha G\u00f6revlisi<\/div>\n\t\t\t\t\t<div id=\"elementor-tab-content-7888\" class=\"elementor-tab-content elementor-clearfix\" data-tab=\"8\" role=\"tabpanel\" aria-labelledby=\"elementor-tab-title-7888\" tabindex=\"0\" hidden=\"hidden\"><p>\u0130lhan G\u00d6DE<\/p><\/div>\n\t\t\t\t\t\t\t\t\t<div class=\"elementor-tab-title elementor-tab-mobile-title\" aria-selected=\"false\" data-tab=\"9\" role=\"tab\" tabindex=\"-1\" aria-controls=\"elementor-tab-content-7889\" aria-expanded=\"false\">Veri Kay\u0131t Operat\u00f6r\u00fc<\/div>\n\t\t\t\t\t<div id=\"elementor-tab-content-7889\" class=\"elementor-tab-content elementor-clearfix\" data-tab=\"9\" role=\"tabpanel\" aria-labelledby=\"elementor-tab-title-7889\" tabindex=\"0\" hidden=\"hidden\"><p>Emine ATTARO\u011eLU<\/p><\/div>\n\t\t\t\t\t\t\t\t\t<div class=\"elementor-tab-title elementor-tab-mobile-title\" aria-selected=\"false\" data-tab=\"10\" role=\"tab\" tabindex=\"-1\" aria-controls=\"elementor-tab-content-78810\" aria-expanded=\"false\">Harita TEKN\u0130KER\u0130<\/div>\n\t\t\t\t\t<div id=\"elementor-tab-content-78810\" class=\"elementor-tab-content elementor-clearfix\" data-tab=\"10\" role=\"tabpanel\" aria-labelledby=\"elementor-tab-title-78810\" tabindex=\"0\" hidden=\"hidden\"><p>Hac\u0131 Karaca OR\u00c7AN<\/p><\/div>\n\t\t\t\t\t\t\t\t\t<div class=\"elementor-tab-title elementor-tab-mobile-title\" aria-selected=\"false\" data-tab=\"11\" role=\"tab\" tabindex=\"-1\" aria-controls=\"elementor-tab-content-78811\" aria-expanded=\"false\">B\u00fcro Eleman\u0131<\/div>\n\t\t\t\t\t<div id=\"elementor-tab-content-78811\" class=\"elementor-tab-content elementor-clearfix\" data-tab=\"11\" role=\"tabpanel\" aria-labelledby=\"elementor-tab-title-78811\" tabindex=\"0\" hidden=\"hidden\"><p>Mehmet KIZILKAYA<\/p><\/div>\n\t\t\t\t\t\t\t\t\t<div class=\"elementor-tab-title elementor-tab-mobile-title\" aria-selected=\"false\" data-tab=\"12\" role=\"tab\" tabindex=\"-1\" aria-controls=\"elementor-tab-content-78812\" aria-expanded=\"false\">\u015eef<\/div>\n\t\t\t\t\t<div id=\"elementor-tab-content-78812\" class=\"elementor-tab-content elementor-clearfix\" data-tab=\"12\" role=\"tabpanel\" aria-labelledby=\"elementor-tab-title-78812\" tabindex=\"0\" hidden=\"hidden\"><ul><li>Vedat FENC\u0130 &#8211; Sol Sahil Sulama Sahas\u0131<\/li><li>Mustafa SEV\u0130N\u0130\u015e &#8211; Sol Sahil Sulama Sahas\u0131<\/li><li>Mustafa KURT &#8211; Sa\u011f Sahil Sulama Sahas\u0131<\/li><li>Ey\u00fcp ZORKUN &#8211; Ayval\u0131 Sulama Sahas\u0131<\/li><\/ul><\/div>\n\t\t\t\t\t\t\t\t\t<div class=\"elementor-tab-title elementor-tab-mobile-title\" aria-selected=\"false\" data-tab=\"13\" role=\"tab\" tabindex=\"-1\" aria-controls=\"elementor-tab-content-78813\" aria-expanded=\"false\">Operat\u00f6r<\/div>\n\t\t\t\t\t<div id=\"elementor-tab-content-78813\" class=\"elementor-tab-content elementor-clearfix\" data-tab=\"13\" role=\"tabpanel\" aria-labelledby=\"elementor-tab-title-78813\" tabindex=\"0\" hidden=\"hidden\"><ul><li>Ali S\u00d6YLER<\/li><li>Bekta\u015f KIR<\/li><li>Enver SARICAN<\/li><\/ul><\/div>\n\t\t\t\t\t\t\t\t\t<div class=\"elementor-tab-title elementor-tab-mobile-title\" aria-selected=\"false\" data-tab=\"14\" role=\"tab\" tabindex=\"-1\" aria-controls=\"elementor-tab-content-78814\" aria-expanded=\"false\">Sulama G\u00f6revlileri<\/div>\n\t\t\t\t\t<div id=\"elementor-tab-content-78814\" class=\"elementor-tab-content elementor-clearfix\" data-tab=\"14\" role=\"tabpanel\" aria-labelledby=\"elementor-tab-title-78814\" tabindex=\"0\" hidden=\"hidden\"><ul><li>Abdullah I\u015eIK<\/li><li>Ali SONZAMANCI<\/li><li>Cihangir KIR<\/li><li>Emrah AYDINLIK<\/li><li>Ercan \u00d6ZT\u00dcRK<\/li><li>Halil YILDIZ<\/li><li>Hasan SERN\u0130KL\u0130<\/li><li>Hayrullah HUYLU<\/li><li>\u0130dris \u00d6ZDEK<\/li><li>\u0130smail H\u00dcSEY\u0130NO\u011eULLARI<\/li><li>\u0130smail Hakan KORKMAZ<\/li><li>Kemal YILDIZ<\/li><li>Mahmut ELBUDAK<\/li><li>Orhan YILDIZ<\/li><li>Salman ORAK<\/li><li>Sebahattin KARAB\u00d6RK<\/li><li>S\u00fcleyman G\u00d6\u00c7ER<\/li><li>Taner KUMRAK<\/li><li>\u00dcmmet KA\u015eIK\u00c7IO\u011eLU<\/li><li>Zafer DE\u011e\u0130RMENC\u0130<\/li><\/ul><\/div>\n\t\t\t\t\t\t\t\t\t<div class=\"elementor-tab-title elementor-tab-mobile-title\" aria-selected=\"false\" data-tab=\"15\" role=\"tab\" tabindex=\"-1\" aria-controls=\"elementor-tab-content-78815\" aria-expanded=\"false\">Temizlik G\u00f6revlisi<\/div>\n\t\t\t\t\t<div id=\"elementor-tab-content-78815\" class=\"elementor-tab-content elementor-clearfix\" data-tab=\"15\" role=\"tabpanel\" aria-labelledby=\"elementor-tab-title-78815\" tabindex=\"0\" hidden=\"hidden\"><p>Hatice SABAZ<\/p><\/div>\n\t\t\t\t\t\t\t<\/div>\n\t\t<\/div>\n\t\t\t\t<\/div>\n\t\t\t\t<\/div>\n\t\t\t\t\t<\/div>\n\t\t<\/div>\n\t\t\t\t\t\t\t<\/div>\n\t\t<\/section>\n\t\t\t\t<section class=\"wd-negative-gap elementor-section elementor-top-section elementor-element elementor-element-9d81876 elementor-section-boxed elementor-section-height-default elementor-section-height-default wd-section-disabled\" data-id=\"9d81876\" data-element_type=\"section\">\n\t\t\t\t\t\t<div class=\"elementor-container elementor-column-gap-default\">\n\t\t\t\t\t<div class=\"elementor-column elementor-col-100 elementor-top-column elementor-element elementor-element-c5596d7\" data-id=\"c5596d7\" data-element_type=\"column\">\n\t\t\t<div class=\"elementor-widget-wrap\">\n\t\t\t\t\t\t\t\t\t<\/div>\n\t\t<\/div>\n\t\t\t\t\t\t\t<\/div>\n\t\t<\/section>\n\t\t\t\t\t\t\t<\/div>\n\t\t","protected":false},"excerpt":{"rendered":"<p>Personel G\u00f6rev Alanlar\u0131 Ba\u015fkan Birlik M\u00fcd\u00fcr\u00fc Sayman Veznedar(Tahsilat) \u0130n\u015faat Bak\u0131m ve Onar\u0131m Tar\u0131m Dan\u0131\u015fman\u0131 ve Ziraat M\u00fchensi B\u00fcro ve Yaz\u0131<\/p>\n","protected":false},"author":1,"featured_media":0,"parent":0,"menu_order":0,"comment_status":"closed","ping_status":"closed","template":"elementor_header_footer","meta":{"footnotes":""},"class_list":["post-8496","page","type-page","status-publish","hentry"],"_links":{"self":[{"href":"http:\/\/kahramanmarassulamabirligi.gov.tr\/index.php\/wp-json\/wp\/v2\/pages\/8496","targetHints":{"allow":["GET"]}}],"collection":[{"href":"http:\/\/kahramanmarassulamabirligi.gov.tr\/index.php\/wp-json\/wp\/v2\/pages"}],"about":[{"href":"http:\/\/kahramanmarassulamabirligi.gov.tr\/index.php\/wp-json\/wp\/v2\/types\/page"}],"author":[{"embeddable":true,"href":"http:\/\/kahramanmarassulamabirligi.gov.tr\/index.php\/wp-json\/wp\/v2\/users\/1"}],"replies":[{"embeddable":true,"href":"http:\/\/kahramanmarassulamabirligi.gov.tr\/index.php\/wp-json\/wp\/v2\/comments?post=8496"}],"version-history":[{"count":37,"href":"http:\/\/kahramanmarassulamabirligi.gov.tr\/index.php\/wp-json\/wp\/v2\/pages\/8496\/revisions"}],"predecessor-version":[{"id":9686,"href":"http:\/\/kahramanmarassulamabirligi.gov.tr\/index.php\/wp-json\/wp\/v2\/pages\/8496\/revisions\/9686"}],"wp:attachment":[{"href":"http:\/\/kahramanmarassulamabirligi.gov.tr\/index.php\/wp-json\/wp\/v2\/media?parent=8496"}],"curies":[{"name":"wp","href":"https:\/\/api.w.org\/{rel}","templated":true}]}}